{"id":1275,"date":"2023-07-20T15:31:36","date_gmt":"2023-07-20T15:31:36","guid":{"rendered":"https:\/\/ws01.wp31.inseo.work\/home\/"},"modified":"2025-02-23T10:25:03","modified_gmt":"2025-02-23T10:25:03","slug":"home","status":"publish","type":"page","link":"https:\/\/www.willenbacher-advisory.com\/fr\/home\/","title":{"rendered":"Home"},"content":{"rendered":"<p>[et_pb_section fb_built=\u00a0\u00bb1&Prime; custom_padding_last_edited=\u00a0\u00bbon|phone\u00a0\u00bb disabled_on=\u00a0\u00bboff|off|off\u00a0\u00bb admin_label=\u00a0\u00bbSektion Hero Home\u00a0\u00bb _builder_version=\u00a0\u00bb4.21.0&Prime; _module_preset=\u00a0\u00bbdefault\u00a0\u00bb background_enable_color=\u00a0\u00bboff\u00a0\u00bb background_image=\u00a0\u00bbhttps:\/\/www.willenbacher-advisory.com\/wp-content\/uploads\/2023\/08\/willenbacher-advisory-e1692792111987.jpg\u00a0\u00bb background_size=\u00a0\u00bbcustom\u00a0\u00bb background_image_width=\u00a0\u00bb55%\u00a0\u00bb background_position=\u00a0\u00bbtop_right\u00a0\u00bb background_enable_mask_style=\u00a0\u00bbon\u00a0\u00bb background_mask_style=\u00a0\u00bbcorner-square\u00a0\u00bb custom_margin=\u00a0\u00bb-148px||18px||false|false\u00a0\u00bb custom_padding=\u00a0\u00bb0px||55px||false|false\u00a0\u00bb custom_padding_tablet=\u00a0\u00bb0px||55px||false|false\u00a0\u00bb custom_padding_phone=\u00a0\u00bb0px||15px||false|false\u00a0\u00bb bottom_divider_height=\u00a0\u00bb381px\u00a0\u00bb bottom_divider_flip=\u00a0\u00bbhorizontal\u00a0\u00bb background_color_phone=\u00a0\u00bb#FFFFFF\u00a0\u00bb background_last_edited=\u00a0\u00bbon|desktop\u00a0\u00bb background_enable_color_phone=\u00a0\u00bbon\u00a0\u00bb background_enable_image_phone=\u00a0\u00bboff\u00a0\u00bb background_image_width_phone=\u00a0\u00bb46%\u00a0\u00bb background_vertical_offset_phone=\u00a0\u00bb9%\u00a0\u00bb background_enable_mask_style_phone=\u00a0\u00bboff\u00a0\u00bb background_mask_aspect_ratio_tablet=\u00a0\u00bbportrait\u00a0\u00bb background_mask_size_tablet=\u00a0\u00bbcustom\u00a0\u00bb background_mask_width_tablet=\u00a0\u00bb118%\u00a0\u00bb background_mask_width_phone=\u00a0\u00bb103%\u00a0\u00bb background_mask_height_tablet=\u00a0\u00bb130%\u00a0\u00bb background_mask_position_tablet=\u00a0\u00bbtop_right\u00a0\u00bb background_mask_vertical_offset_tablet=\u00a0\u00bb135%\u00a0\u00bb background_mask_vertical_offset_phone=\u00a0\u00bb-12%\u00a0\u00bb global_colors_info=\u00a0\u00bb{}\u00a0\u00bb][et_pb_row column_structure=\u00a0\u00bb1_2,1_2&Prime; _builder_version=\u00a0\u00bb4.21.0&Prime; _module_preset=\u00a0\u00bbdefault\u00a0\u00bb custom_margin=\u00a0\u00bb55px|auto|22px|auto|false|false\u00a0\u00bb custom_margin_tablet=\u00a0\u00bb55px|auto|22px|auto|false|false\u00a0\u00bb custom_margin_phone=\u00a0\u00bb55px|auto|0px|auto|false|false\u00a0\u00bb custom_margin_last_edited=\u00a0\u00bbon|phone\u00a0\u00bb global_colors_info=\u00a0\u00bb{}\u00a0\u00bb][et_pb_column type=\u00a0\u00bb1_2&Prime; _builder_version=\u00a0\u00bb4.21.0&Prime; _module_preset=\u00a0\u00bbdefault\u00a0\u00bb global_colors_info=\u00a0\u00bb{}\u00a0\u00bb][difl_divider divider_type=\u00a0\u00bbcustom\u00a0\u00bb separetor_type=\u00a0\u00bbno\u00a0\u00bb icon_background_bgcolor=\u00a0\u00bbRGBA(255,255,255,0)\u00a0\u00bb divider_line_bg_bgcolor=\u00a0\u00bb#74b74a\u00a0\u00bb divider_right_line_bg_bgcolor=\u00a0\u00bb#fcba62&Prime; divider_line_width=\u00a0\u00bb6px\u00a0\u00bb divider_width=\u00a0\u00bb120px\u00a0\u00bb line_alignment=\u00a0\u00bbleft\u00a0\u00bb _builder_version=\u00a0\u00bb4.21.0&Prime; _module_preset=\u00a0\u00bbdefault\u00a0\u00bb custom_margin=\u00a0\u00bb125px||18px||false|false\u00a0\u00bb global_colors_info=\u00a0\u00bb{}\u00a0\u00bb][\/difl_divider][et_pb_text _builder_version=\u00a0\u00bb4.21.0&Prime; _module_preset=\u00a0\u00bbdefault\u00a0\u00bb text_font=\u00a0\u00bb||||||||\u00a0\u00bb text_font_size=\u00a0\u00bb18px\u00a0\u00bb text_line_height=\u00a0\u00bb1.5em\u00a0\u00bb header_font=\u00a0\u00bbPoppins|600|||||||\u00a0\u00bb header_font_size=\u00a0\u00bb50px\u00a0\u00bb header_line_height=\u00a0\u00bb1.3em\u00a0\u00bb header_2_font=\u00a0\u00bbPoppins|600|||||||\u00a0\u00bb header_2_letter_spacing=\u00a0\u00bb0.5px\u00a0\u00bb header_3_font=\u00a0\u00bbPoppins||||||||\u00a0\u00bb header_3_font_size=\u00a0\u00bb36px\u00a0\u00bb max_width=\u00a0\u00bb755px\u00a0\u00bb max_width_tablet=\u00a0\u00bb75%\u00a0\u00bb max_width_phone=\u00a0\u00bb75%\u00a0\u00bb max_width_last_edited=\u00a0\u00bbon|tablet\u00a0\u00bb module_alignment=\u00a0\u00bbleft\u00a0\u00bb custom_margin=\u00a0\u00bb||11px|||\u00a0\u00bb custom_padding=\u00a0\u00bb|0px||||\u00a0\u00bb header_font_size_tablet=\u00a0\u00bb30px\u00a0\u00bb header_font_size_phone=\u00a0\u00bb24px\u00a0\u00bb header_font_size_last_edited=\u00a0\u00bbon|desktop\u00a0\u00bb global_colors_info=\u00a0\u00bb{}\u00a0\u00bb]<\/p>\n<h2>Willen\u00adbacher Advisory<\/h2>\n<p>[\/et_pb_text][et_pb_text _builder_version=\u00a0\u00bb4.21.0&Prime; _module_preset=\u00a0\u00bbdefault\u00a0\u00bb text_font=\u00a0\u00bb|300|||||||\u00a0\u00bb text_font_size=\u00a0\u00bb18px\u00a0\u00bb text_line_height=\u00a0\u00bb1.5em\u00a0\u00bb max_width=\u00a0\u00bb775px\u00a0\u00bb module_alignment=\u00a0\u00bbleft\u00a0\u00bb global_colors_info=\u00a0\u00bb{}\u00a0\u00bb]<\/p>\n<p>Des conseils de vente professionnels ax\u00e9s sur le succ\u00e8s commercial vous permettent de r\u00e9aliser rapidement vos objectifs et de satisfaire \u00e0 long terme vos clients.<\/p>\n<p>Des conseils de vente professionnels vous permettront d&rsquo;augmenter votre efficacit\u00e9 et d&rsquo;effectuer d\u00e8s le d\u00e9but une excellente entr\u00e9e sur le march\u00e9. Vous \u00e9viterez les d\u00e9plaisirs, ce qui vous permettra d&rsquo;acc\u00e9l\u00e9rer l&rsquo;orientation sur le march\u00e9. <\/p>\n<p>Profitez de 27 ans d\u2019exp\u00e9rience professionnelle dans la vente de titres et de valeurs, en Autriche et \u00e0 l\u2019\u00e9tranger. Votre processus de vente se verra acc\u00e9l\u00e9r\u00e9 et plus performant du point de vue commercial. Cela vous permettra au final de r\u00e9aliser plus facilement vos ventes.  <\/p>\n<p>[\/et_pb_text][\/et_pb_column][et_pb_column type=\u00a0\u00bb1_2&Prime; _builder_version=\u00a0\u00bb4.21.0&Prime; _module_preset=\u00a0\u00bbdefault\u00a0\u00bb global_colors_info=\u00a0\u00bb{}\u00a0\u00bb][\/et_pb_column][\/et_pb_row][\/et_pb_section][et_pb_section fb_built=\u00a0\u00bb1&Prime; custom_padding_last_edited=\u00a0\u00bbon|phone\u00a0\u00bb module_id=\u00a0\u00bbprofil\u00a0\u00bb _builder_version=\u00a0\u00bb4.21.0&Prime; _module_preset=\u00a0\u00bbdefault\u00a0\u00bb background_color=\u00a0\u00bb#f2f2f2&Prime; custom_margin=\u00a0\u00bb||25px||false|false\u00a0\u00bb custom_margin_tablet=\u00a0\u00bb||125px||false|false\u00a0\u00bb custom_margin_phone=\u00a0\u00bb||125px||false|false\u00a0\u00bb custom_margin_last_edited=\u00a0\u00bbon|phone\u00a0\u00bb custom_padding=\u00a0\u00bb0px||105px||false|false\u00a0\u00bb custom_padding_tablet=\u00a0\u00bb||0px||false|false\u00a0\u00bb custom_padding_phone=\u00a0\u00bb||0px||false|false\u00a0\u00bb top_divider_style=\u00a0\u00bbasymmetric\u00a0\u00bb top_divider_color=\u00a0\u00bb#FFFFFF\u00a0\u00bb top_divider_height=\u00a0\u00bb385px\u00a0\u00bb top_divider_flip=\u00a0\u00bbhorizontal|vertical\u00a0\u00bb top_divider_height_tablet=\u00a0\u00bb165px\u00a0\u00bb top_divider_height_phone=\u00a0\u00bb65px\u00a0\u00bb top_divider_height_last_edited=\u00a0\u00bbon|phone\u00a0\u00bb bottom_divider_style=\u00a0\u00bbasymmetric\u00a0\u00bb bottom_divider_color=\u00a0\u00bb#FFFFFF\u00a0\u00bb bottom_divider_height=\u00a0\u00bb385px\u00a0\u00bb bottom_divider_height_tablet=\u00a0\u00bb165px\u00a0\u00bb bottom_divider_height_phone=\u00a0\u00bb65px\u00a0\u00bb bottom_divider_height_last_edited=\u00a0\u00bbon|phone\u00a0\u00bb global_colors_info=\u00a0\u00bb{}\u00a0\u00bb][et_pb_row column_structure=\u00a0\u00bb1_3,1_3,1_3&Prime; disabled_on=\u00a0\u00bboff|off|off\u00a0\u00bb module_id=\u00a0\u00bbkontakt\u00a0\u00bb _builder_version=\u00a0\u00bb4.21.0&Prime; _module_preset=\u00a0\u00bbdefault\u00a0\u00bb background_color=\u00a0\u00bb#FFFFFF\u00a0\u00bb width=\u00a0\u00bb1080px\u00a0\u00bb max_width=\u00a0\u00bb95%\u00a0\u00bb custom_padding=\u00a0\u00bb45px|45px|45px|45px|true|true\u00a0\u00bb border_radii=\u00a0\u00bbon|30px|30px|30px|30px\u00a0\u00bb box_shadow_style=\u00a0\u00bbpreset1&Prime; box_shadow_color=\u00a0\u00bbrgba(0,0,0,0.05)\u00a0\u00bb saved_tabs=\u00a0\u00bball\u00a0\u00bb global_colors_info=\u00a0\u00bb{}\u00a0\u00bb][et_pb_column type=\u00a0\u00bb1_3&Prime; _builder_version=\u00a0\u00bb4.21.0&Prime; _module_preset=\u00a0\u00bbdefault\u00a0\u00bb global_colors_info=\u00a0\u00bb{}\u00a0\u00bb][et_pb_text _builder_version=\u00a0\u00bb4.21.0&Prime; _module_preset=\u00a0\u00bbdefault\u00a0\u00bb global_colors_info=\u00a0\u00bb{}\u00a0\u00bb]<\/p>\n<p><strong>Mag. Andreas Willenbacher<\/strong><\/p>\n<p><a href=\"mailto:aw@willenbacher-advisory.com\" title=\"E-Mail\">aw@willenbacher-advisory.com<\/a><\/p>\n<p>Tel. &amp; Fax: +43 1 923 37 07<br \/>Mobile +43 676 91 91 361<\/p>\n<p>[\/et_pb_text][\/et_pb_column][et_pb_column type=\u00a0\u00bb1_3&Prime; _builder_version=\u00a0\u00bb4.21.0&Prime; _module_preset=\u00a0\u00bbdefault\u00a0\u00bb global_colors_info=\u00a0\u00bb{}\u00a0\u00bb][et_pb_text _builder_version=\u00a0\u00bb4.21.0&Prime; _module_preset=\u00a0\u00bbdefault\u00a0\u00bb global_colors_info=\u00a0\u00bb{}\u00a0\u00bb]<\/p>\n<p><strong>Willenbacher Advisory GmbH<\/strong><br \/>Anton-Baumgartner-Stra\u00dfe 44\/B1\/4\/2<br \/>1230 Vienne<br \/>Autriche<\/p>\n<p>[\/et_pb_text][\/et_pb_column][et_pb_column type=\u00a0\u00bb1_3&Prime; _builder_version=\u00a0\u00bb4.21.0&Prime; _module_preset=\u00a0\u00bbdefault\u00a0\u00bb global_colors_info=\u00a0\u00bb{}\u00a0\u00bb][et_pb_text _builder_version=\u00a0\u00bb4.21.0&Prime; _module_preset=\u00a0\u00bbdefault\u00a0\u00bb global_colors_info=\u00a0\u00bb{}\u00a0\u00bb]<\/p>\n<p><a href=\"https:\/\/www.xing.com\/profile\/Andreas_Willenbacher\" target=\"_blank\" rel=\"noopener\"><img loading=\"lazy\" decoding=\"async\" src=\"https:\/\/www.willenbacher-advisory.com\/wp-content\/uploads\/2023\/07\/xing.gif\" width=\"80\" height=\"32\" alt=\"XING\"><\/a><\/p>\n<p><a href=\"http:\/\/www.cfasociety.org\/austria\" target=\"_blank\" rel=\"noopener\"><img loading=\"lazy\" decoding=\"async\" src=\"https:\/\/www.willenbacher-advisory.com\/wp-content\/uploads\/2023\/07\/cfa.gif\" width=\"86\" height=\"23\" alt=\"CFA\"><\/a><\/p>\n<p><a href=\"https:\/\/www.linkedin.com\/in\/andreas-willenbacher-864b028\/\" target=\"_blank\" rel=\"noopener\"><img loading=\"lazy\" decoding=\"async\" src=\"https:\/\/www.willenbacher-advisory.com\/wp-content\/uploads\/2023\/07\/linkedin.png\" width=\"92\" height=\"22\" alt=\"LinkedIn\"><\/a><a href=\"https:\/\/sustainable-entrepreneur.at\/2022\/01\/09\/regional-und-saisonal\/\" target=\"_blank\" rel=\"noopener\"><\/a><\/p>\n<p><a href=\"https:\/\/sustainable-entrepreneur.at\/2022\/01\/09\/regional-und-saisonal\/\" target=\"_blank\" rel=\"noopener\"><img loading=\"lazy\" decoding=\"async\" src=\"https:\/\/www.willenbacher-advisory.com\/wp-content\/uploads\/2023\/07\/SustainableEntrepreneur.jpg\" width=\"102\" height=\"41\" alt=\"LinkedIn\"><\/a><\/p>\n<p>[\/et_pb_text][\/et_pb_column][\/et_pb_row][et_pb_row custom_padding_last_edited=\u00a0\u00bbon|phone\u00a0\u00bb disabled_on=\u00a0\u00bboff|off|off\u00a0\u00bb module_id=\u00a0\u00bbkontakt\u00a0\u00bb _builder_version=\u00a0\u00bb4.21.0&Prime; _module_preset=\u00a0\u00bbdefault\u00a0\u00bb background_color=\u00a0\u00bb#FFFFFF\u00a0\u00bb width=\u00a0\u00bb1080px\u00a0\u00bb max_width=\u00a0\u00bb95%\u00a0\u00bb custom_margin=\u00a0\u00bb85px|auto||auto|false|false\u00a0\u00bb custom_margin_tablet=\u00a0\u00bb85px|auto||auto|false|false\u00a0\u00bb custom_margin_phone=\u00a0\u00bb45px|auto||auto|false|false\u00a0\u00bb custom_margin_last_edited=\u00a0\u00bbon|phone\u00a0\u00bb custom_padding=\u00a0\u00bb45px|45px|45px|45px|true|true\u00a0\u00bb custom_padding_tablet=\u00a0\u00bb45px|45px|45px|45px|true|true\u00a0\u00bb custom_padding_phone=\u00a0\u00bb35px|25px|35px|25px|true|true\u00a0\u00bb border_radii=\u00a0\u00bbon|30px|30px|30px|30px\u00a0\u00bb box_shadow_style=\u00a0\u00bbpreset1&Prime; box_shadow_color=\u00a0\u00bbrgba(0,0,0,0.05)\u00a0\u00bb saved_tabs=\u00a0\u00bball\u00a0\u00bb global_colors_info=\u00a0\u00bb{}\u00a0\u00bb global_module=\u00a0\u00bb1748&Prime;][et_pb_column type=\u00a0\u00bb4_4&Prime; _builder_version=\u00a0\u00bb4.21.0&Prime; _module_preset=\u00a0\u00bbdefault\u00a0\u00bb global_colors_info=\u00a0\u00bb{}\u00a0\u00bb][difl_divider divider_type=\u00a0\u00bbcustom\u00a0\u00bb separetor_type=\u00a0\u00bbno\u00a0\u00bb icon_background_bgcolor=\u00a0\u00bbRGBA(255,255,255,0)\u00a0\u00bb divider_line_bg_bgcolor=\u00a0\u00bb#74b74a\u00a0\u00bb divider_right_line_bg_bgcolor=\u00a0\u00bb#fcba62&Prime; divider_line_width=\u00a0\u00bb6px\u00a0\u00bb divider_width=\u00a0\u00bb120px\u00a0\u00bb line_alignment=\u00a0\u00bbcenter\u00a0\u00bb _builder_version=\u00a0\u00bb4.21.0&Prime; _module_preset=\u00a0\u00bbdefault\u00a0\u00bb custom_margin=\u00a0\u00bb||18px||false|false\u00a0\u00bb global_colors_info=\u00a0\u00bb{}\u00a0\u00bb][\/difl_divider][et_pb_text _builder_version=\u00a0\u00bb4.21.0&Prime; _module_preset=\u00a0\u00bbdefault\u00a0\u00bb text_font=\u00a0\u00bb||||||||\u00a0\u00bb text_font_size=\u00a0\u00bb18px\u00a0\u00bb text_line_height=\u00a0\u00bb1.5em\u00a0\u00bb header_font=\u00a0\u00bbPoppins|600|||||||\u00a0\u00bb header_font_size=\u00a0\u00bb50px\u00a0\u00bb header_line_height=\u00a0\u00bb1.3em\u00a0\u00bb header_2_font=\u00a0\u00bbPoppins|600|||||||\u00a0\u00bb header_2_letter_spacing=\u00a0\u00bb0.5px\u00a0\u00bb custom_margin=\u00a0\u00bb||11px|||\u00a0\u00bb header_font_size_tablet=\u00a0\u00bb30px\u00a0\u00bb header_font_size_phone=\u00a0\u00bb24px\u00a0\u00bb header_font_size_last_edited=\u00a0\u00bbon|desktop\u00a0\u00bb global_colors_info=\u00a0\u00bb{}\u00a0\u00bb]<\/p>\n<h2 style=\"text-align: center;\">Contact<\/h2>\n<p>[\/et_pb_text][et_pb_contact_form email=\u00a0\u00bbaw@willenbacher-advisory.com, webtest@inseo.at\u00a0\u00bb custom_message=\u00a0\u00bbKontaktanfrage \u00fcber willenbacher-advisory.com||et_pb_line_break_holder||||et_pb_line_break_holder||Name: %%Name%%||et_pb_line_break_holder||E-Mail-Adresse:%%Email%%||et_pb_line_break_holder||Nachricht:%%Message%%\u00a0\u00bb success_message=\u00a0\u00bbNous vous remercions beaucoup. Votre message nous a \u00e9t\u00e9 envoy\u00e9 avec succ\u00e8s. Nous vous contacterons sous peu.  \u00a0\u00bb submit_button_text=\u00a0\u00bbEnvoie\u00a0\u00bb _builder_version=\u00a0\u00bb4.21.0&Prime; _module_preset=\u00a0\u00bbdefault\u00a0\u00bb _unique_id=\u00a0\u00bb1b20f294-6234-4720-96d3-848fc8805e9d\u00a0\u00bb form_field_custom_margin=\u00a0\u00bb||||false\u00a0\u00bb form_field_custom_margin_tablet=\u00a0\u00bb\u00a0\u00bb form_field_custom_margin_phone=\u00a0\u00bb||25px||false|false\u00a0\u00bb form_field_custom_margin_last_edited=\u00a0\u00bbon|phone\u00a0\u00bb custom_button=\u00a0\u00bbon\u00a0\u00bb button_text_size=\u00a0\u00bb16px\u00a0\u00bb button_border_radius=\u00a0\u00bb30px\u00a0\u00bb button_font=\u00a0\u00bbPoppins|500|||||||\u00a0\u00bb button_icon=\u00a0\u00bb&#x24;||divi||400&Prime; button_custom_padding=\u00a0\u00bb|40px||40px|false|true\u00a0\u00bb border_radii=\u00a0\u00bbon|15px|15px|15px|15px\u00a0\u00bb global_colors_info=\u00a0\u00bb{}\u00a0\u00bb][et_pb_contact_field field_id=\u00a0\u00bbName\u00a0\u00bb field_title=\u00a0\u00bbVotre nom\u00a0\u00bb _builder_version=\u00a0\u00bb4.21.0&Prime; _module_preset=\u00a0\u00bbdefault\u00a0\u00bb global_colors_info=\u00a0\u00bb{}\u00a0\u00bb button_text_size__hover_enabled=\u00a0\u00bboff\u00a0\u00bb button_one_text_size__hover_enabled=\u00a0\u00bboff\u00a0\u00bb button_two_text_size__hover_enabled=\u00a0\u00bboff\u00a0\u00bb button_text_color__hover_enabled=\u00a0\u00bboff\u00a0\u00bb button_one_text_color__hover_enabled=\u00a0\u00bboff\u00a0\u00bb button_two_text_color__hover_enabled=\u00a0\u00bboff\u00a0\u00bb button_border_width__hover_enabled=\u00a0\u00bboff\u00a0\u00bb button_one_border_width__hover_enabled=\u00a0\u00bboff\u00a0\u00bb button_two_border_width__hover_enabled=\u00a0\u00bboff\u00a0\u00bb button_border_color__hover_enabled=\u00a0\u00bboff\u00a0\u00bb button_one_border_color__hover_enabled=\u00a0\u00bboff\u00a0\u00bb button_two_border_color__hover_enabled=\u00a0\u00bboff\u00a0\u00bb button_border_radius__hover_enabled=\u00a0\u00bboff\u00a0\u00bb button_one_border_radius__hover_enabled=\u00a0\u00bboff\u00a0\u00bb button_two_border_radius__hover_enabled=\u00a0\u00bboff\u00a0\u00bb button_letter_spacing__hover_enabled=\u00a0\u00bboff\u00a0\u00bb button_one_letter_spacing__hover_enabled=\u00a0\u00bboff\u00a0\u00bb button_two_letter_spacing__hover_enabled=\u00a0\u00bboff\u00a0\u00bb button_bg_color__hover_enabled=\u00a0\u00bboff\u00a0\u00bb button_one_bg_color__hover_enabled=\u00a0\u00bboff\u00a0\u00bb button_two_bg_color__hover_enabled=\u00a0\u00bboff\u00a0\u00bb][\/et_pb_contact_field][et_pb_contact_field field_id=\u00a0\u00bbEmail\u00a0\u00bb field_title=\u00a0\u00bbVotre adresse e-mail\u00a0\u00bb field_type=\u00a0\u00bbemail\u00a0\u00bb _builder_version=\u00a0\u00bb4.21.0&Prime; _module_preset=\u00a0\u00bbdefault\u00a0\u00bb global_colors_info=\u00a0\u00bb{}\u00a0\u00bb button_text_size__hover_enabled=\u00a0\u00bboff\u00a0\u00bb button_one_text_size__hover_enabled=\u00a0\u00bboff\u00a0\u00bb button_two_text_size__hover_enabled=\u00a0\u00bboff\u00a0\u00bb button_text_color__hover_enabled=\u00a0\u00bboff\u00a0\u00bb button_one_text_color__hover_enabled=\u00a0\u00bboff\u00a0\u00bb button_two_text_color__hover_enabled=\u00a0\u00bboff\u00a0\u00bb button_border_width__hover_enabled=\u00a0\u00bboff\u00a0\u00bb button_one_border_width__hover_enabled=\u00a0\u00bboff\u00a0\u00bb button_two_border_width__hover_enabled=\u00a0\u00bboff\u00a0\u00bb button_border_color__hover_enabled=\u00a0\u00bboff\u00a0\u00bb button_one_border_color__hover_enabled=\u00a0\u00bboff\u00a0\u00bb button_two_border_color__hover_enabled=\u00a0\u00bboff\u00a0\u00bb button_border_radius__hover_enabled=\u00a0\u00bboff\u00a0\u00bb button_one_border_radius__hover_enabled=\u00a0\u00bboff\u00a0\u00bb button_two_border_radius__hover_enabled=\u00a0\u00bboff\u00a0\u00bb button_letter_spacing__hover_enabled=\u00a0\u00bboff\u00a0\u00bb button_one_letter_spacing__hover_enabled=\u00a0\u00bboff\u00a0\u00bb button_two_letter_spacing__hover_enabled=\u00a0\u00bboff\u00a0\u00bb button_bg_color__hover_enabled=\u00a0\u00bboff\u00a0\u00bb button_one_bg_color__hover_enabled=\u00a0\u00bboff\u00a0\u00bb button_two_bg_color__hover_enabled=\u00a0\u00bboff\u00a0\u00bb][\/et_pb_contact_field][et_pb_contact_field field_id=\u00a0\u00bbMessage\u00a0\u00bb field_title=\u00a0\u00bbVotre message\u00a0\u00bb field_type=\u00a0\u00bbtext\u00a0\u00bb fullwidth_field=\u00a0\u00bbon\u00a0\u00bb _builder_version=\u00a0\u00bb4.21.0&Prime; _module_preset=\u00a0\u00bbdefault\u00a0\u00bb global_colors_info=\u00a0\u00bb{}\u00a0\u00bb button_text_size__hover_enabled=\u00a0\u00bboff\u00a0\u00bb button_one_text_size__hover_enabled=\u00a0\u00bboff\u00a0\u00bb button_two_text_size__hover_enabled=\u00a0\u00bboff\u00a0\u00bb button_text_color__hover_enabled=\u00a0\u00bboff\u00a0\u00bb button_one_text_color__hover_enabled=\u00a0\u00bboff\u00a0\u00bb button_two_text_color__hover_enabled=\u00a0\u00bboff\u00a0\u00bb button_border_width__hover_enabled=\u00a0\u00bboff\u00a0\u00bb button_one_border_width__hover_enabled=\u00a0\u00bboff\u00a0\u00bb button_two_border_width__hover_enabled=\u00a0\u00bboff\u00a0\u00bb button_border_color__hover_enabled=\u00a0\u00bboff\u00a0\u00bb button_one_border_color__hover_enabled=\u00a0\u00bboff\u00a0\u00bb button_two_border_color__hover_enabled=\u00a0\u00bboff\u00a0\u00bb button_border_radius__hover_enabled=\u00a0\u00bboff\u00a0\u00bb button_one_border_radius__hover_enabled=\u00a0\u00bboff\u00a0\u00bb button_two_border_radius__hover_enabled=\u00a0\u00bboff\u00a0\u00bb button_letter_spacing__hover_enabled=\u00a0\u00bboff\u00a0\u00bb button_one_letter_spacing__hover_enabled=\u00a0\u00bboff\u00a0\u00bb button_two_letter_spacing__hover_enabled=\u00a0\u00bboff\u00a0\u00bb button_bg_color__hover_enabled=\u00a0\u00bboff\u00a0\u00bb button_one_bg_color__hover_enabled=\u00a0\u00bboff\u00a0\u00bb button_two_bg_color__hover_enabled=\u00a0\u00bboff\u00a0\u00bb][\/et_pb_contact_field][\/et_pb_contact_form][et_pb_text _builder_version=\u00a0\u00bb4.21.0&Prime; _module_preset=\u00a0\u00bbdefault\u00a0\u00bb hover_enabled=\u00a0\u00bb0&Prime; sticky_enabled=\u00a0\u00bb0&Prime;]<\/p>\n<p style=\"text-align: right;\">Notre\u00a0<a href=\"https:\/\/www.willenbacher-advisory.com\/fr\/impressum\/\">politique de confidentialit\u00e9<\/a>\u00a0s\u2019applique.<\/p>\n<p>[\/et_pb_text][\/et_pb_column][\/et_pb_row][\/et_pb_section]<\/p>\n","protected":false},"excerpt":{"rendered":"<p><div class=\"et_pb_module difl_divider difl_divider_0\">\n\t\t\t\t\n\t\t\t\t\n\t\t\t\t\n\t\t\t\t\n\t\t\t\t\n\t\t\t\t\n\t\t\t\t<div class=\"et_pb_module_inner\">\n\t\t\t\t\t<div class=\"difl-divider-container difl-divider-custom\" data-settings='[]'>\r\n                            <div class=\"difl-divider-wrapper\">\r\n                                <div class=\"difl-divider-wrapper-separator\">\r\n                                    <div class=\"difl-divider-wrapper-separator-divider\">\r\n                                        <div class=\"difl-divider-inner\">\r\n\r\n                                            <div class=\"difl-divider-content-wrapper icon-type-no\">\r\n                                                \r\n                                                <div class=\"difl-divider-left difl-divider-left-side\">\r\n                                                    <hr>\r\n                                                <\/div>\r\n\r\n                                                \r\n\r\n                                                <div class=\"difl-divider-right difl-divider-right-side\">\r\n                                                    <hr>\r\n                                                <\/div>\r\n                                                \r\n                                            <\/div>\r\n\r\n                                        <\/div>\r\n\r\n                                    <\/div>\r\n\r\n                                <\/div>\r\n\r\n                            <\/div>\r\n\r\n                        <\/div>\n\t\t\t\t<\/div>\n\t\t\t<\/div>Willen\u00adbacher AdvisoryDes conseils de vente professionnels ax\u00e9s sur le succ\u00e8s commercial vous permettent de r\u00e9aliser rapidement vos objectifs et de satisfaire \u00e0 long terme vos clients. Des conseils de vente professionnels vous permettront d&rsquo;augmenter votre efficacit\u00e9 et d&rsquo;effectuer d\u00e8s le d\u00e9but une excellente [&hellip;]<\/p>\n","protected":false},"author":2,"featured_media":0,"parent":0,"menu_order":0,"comment_status":"closed","ping_status":"closed","template":"","meta":{"_et_pb_use_builder":"on","_et_pb_old_content":"","_et_gb_content_width":"","footnotes":""},"class_list":["post-1275","page","type-page","status-publish","hentry"],"_links":{"self":[{"href":"https:\/\/www.willenbacher-advisory.com\/fr\/wp-json\/wp\/v2\/pages\/1275","targetHints":{"allow":["GET"]}}],"collection":[{"href":"https:\/\/www.willenbacher-advisory.com\/fr\/wp-json\/wp\/v2\/pages"}],"about":[{"href":"https:\/\/www.willenbacher-advisory.com\/fr\/wp-json\/wp\/v2\/types\/page"}],"author":[{"embeddable":true,"href":"https:\/\/www.willenbacher-advisory.com\/fr\/wp-json\/wp\/v2\/users\/2"}],"replies":[{"embeddable":true,"href":"https:\/\/www.willenbacher-advisory.com\/fr\/wp-json\/wp\/v2\/comments?post=1275"}],"version-history":[{"count":10,"href":"https:\/\/www.willenbacher-advisory.com\/fr\/wp-json\/wp\/v2\/pages\/1275\/revisions"}],"predecessor-version":[{"id":2021,"href":"https:\/\/www.willenbacher-advisory.com\/fr\/wp-json\/wp\/v2\/pages\/1275\/revisions\/2021"}],"wp:attachment":[{"href":"https:\/\/www.willenbacher-advisory.com\/fr\/wp-json\/wp\/v2\/media?parent=1275"}],"curies":[{"name":"wp","href":"https:\/\/api.w.org\/{rel}","templated":true}]}}