{"id":403,"date":"2023-07-19T19:12:16","date_gmt":"2023-07-19T19:12:16","guid":{"rendered":"https:\/\/ws01.wp31.inseo.work\/disclaimer\/"},"modified":"2024-02-28T09:11:22","modified_gmt":"2024-02-28T09:11:22","slug":"disclaimer","status":"publish","type":"page","link":"https:\/\/www.willenbacher-advisory.com\/fr\/disclaimer\/","title":{"rendered":"Disclaimer"},"content":{"rendered":"<p>[et_pb_section fb_built=\u00a0\u00bb1&Prime; admin_label=\u00a0\u00bbsection\u00a0\u00bb _builder_version=\u00a0\u00bb4.21.0&Prime; _module_preset=\u00a0\u00bbba79b4f2-28e7-4164-b623-0f1bd9a469ba\u00a0\u00bb global_colors_info=\u00a0\u00bb{}\u00a0\u00bb theme_builder_area=\u00a0\u00bbpost_content\u00a0\u00bb][et_pb_row admin_label=\u00a0\u00bbrow\u00a0\u00bb _builder_version=\u00a0\u00bb4.21.0&Prime; _module_preset=\u00a0\u00bb232a3a1f-213a-4225-9120-e71aa607c9fe\u00a0\u00bb global_colors_info=\u00a0\u00bb{}\u00a0\u00bb theme_builder_area=\u00a0\u00bbpost_content\u00a0\u00bb][et_pb_column type=\u00a0\u00bb4_4&Prime; _builder_version=\u00a0\u00bb4.16&Prime; custom_padding=\u00a0\u00bb|||\u00a0\u00bb global_colors_info=\u00a0\u00bb{}\u00a0\u00bb custom_padding__hover=\u00a0\u00bb|||\u00a0\u00bb theme_builder_area=\u00a0\u00bbpost_content\u00a0\u00bb][et_pb_text admin_label=\u00a0\u00bbText\u00a0\u00bb _builder_version=\u00a0\u00bb4.16&Prime; background_size=\u00a0\u00bbinitial\u00a0\u00bb background_position=\u00a0\u00bbtop_left\u00a0\u00bb background_repeat=\u00a0\u00bbrepeat\u00a0\u00bb global_colors_info=\u00a0\u00bb{}\u00a0\u00bb theme_builder_area=\u00a0\u00bbpost_content\u00a0\u00bb]<\/p>\n<p>Provider ID pursuant to Section 6 Tele-Services Act (Teledienstegesetz, TDG):<\/p>\n<p>Tied agent of First Quant GmbH<\/p>\n<p>Willenbacher Advisory GmbH, which on its website offers investment of financial instruments pursuant to Section 1 (1a) sentence 2 Nos.1, 1a and No. 2, German Banking Act, of First Quant GmbH, Fulda, acts exclusively as an agent for financial instruments for the account of and under the full liability of First Quant. Willenbacher Advisory acts only as a tied agent of First Quant in the meaning of Section 2 (10) German Banking Act. As the liable company, First Quant has made the required notification to Bundesanstalt f\u00fcr Finanzdienstleistungsaufsicht (BaFin) as stipulated in Section 2 (10) German Banking Act prior to the start of the business activities of Willenbacher Advisory GmbH as an agent regarding the fact that First Quant assumes full liability, and Willenbacher Advisory GmbH has been registered as a tied agent of First Quant GmbH in the public registry of tied agents of Bafin and the FMA that can be viewed on the websites of BaFin and FMA. Willenbacher Advisory GmbH acts as an agent of First Quant GmbH for investment brokering. First Quant GmbH assumes liability pursuant to Section 2 (10) sentence 1 German Banking Act.<\/p>\n<p>Willenbacher Advisory is registered as a &lsquo;tied agent&rsquo; of First Quant under number 120832 in the Register of the Financial Market Authority (FMA), www.fma.gv.at<\/p>\n<p>First Quant GmbH is registered under the Bafin number 123328.<\/p>\n<p>Liability umbrella<\/p>\n<p>First Quant GmbH<br \/>Schw\u00e4bische Stra\u00dfe 5<br \/>10781 Berlin<\/p>\n<p>Managing Directors: Sven von Aderkass, Wieland Steinich<\/p>\n<p>Phone: +49 (0)30 \/ 789 59 75 50<br \/>Email: info@firstquant.de<br \/>Internet: www.firstquant.de<\/p>\n<p>Headquarters: Berlin, Handelsregister: AG Charlottenburg, HRB: 260701 B<br \/>VAT ID: DE268157599<br \/>Bafin number 123328<\/p>\n<p>Competent authority:<br \/>Bundesanstalt f\u00fcr Finanzdienstleistungsaufsicht (BaFin)<\/p>\n<p>Marie Curie Strasse 24-28, 60439 Frankfurt am Main<\/p>\n<p>Tel. +49 (0) 228-4108-0<br \/>Fax +49 (0) 228- 4108-1550<br \/>Email: poststelle@bafin.de<br \/>Internet: www.bafin.de<\/p>\n<p>[\/et_pb_text][et_pb_text _builder_version=\u00a0\u00bb4.21.0&Prime; _module_preset=\u00a0\u00bbdefault\u00a0\u00bb text_font_size=\u00a0\u00bb13.6px\u00a0\u00bb text_line_height=\u00a0\u00bb1.5em\u00a0\u00bb global_colors_info=\u00a0\u00bb{}\u00a0\u00bb global_module=\u00a0\u00bb1752&Prime; theme_builder_area=\u00a0\u00bbpost_content\u00a0\u00bb]<\/p>\n<p>Die Anlageberatung und die Anlagevermittlung (\u00a7 1 Abs. 1a Satz 2 Nr. 1 und 1a KWG &#8211; deutsches Recht) bzw. \u00a7 3 Abs. 2 Z 1 und 3 WAG 2018 in Bezug auf die Finanzinstrumente gem\u00e4\u00df \u00a7 1 Z 6 lit. a und c WAG 2018 &#8211; \u00f6sterreichisches Recht) von UCITS-Investmentfonds, Zertifikaten, Anleihen, Aktien, ETFs, Genussscheinen, Inhaber- und Orderschuldverschreibungen bietet Ihnen die Willenbacher Advisory GmbH als vertraglich gebundener Vermittler gem\u00e4\u00df \u00a7 2 Abs. 10 KWG im Auftrag, im Namen und f\u00fcr Rechnung der First Quant GmbH, Schw\u00e4bische Stra\u00dfe 5, 10781 Berlin an. Die First Quant GmbH ist ein freies und unabh\u00e4ngiges Finanzdienstleistungsinstitut und zugelassen gem\u00e4\u00df \u00a7 32 KWG. Sie ist berechtigt folgende Finanzdienstleistungen (Erlaubnistatbest\u00e4nde) zu erbringen: die Anlageberatung (\u00a7 1 Abs. 1a S.2 Nr. 1a KWG \u00dcbergang 26.06.2021 auf \u00a72 Abs.2 Satz 1 Nr.4 WpIG), Erlaubnis f\u00fcr die Anlagevermittlung (\u00a71 Abs.1a Satz 2 Nr.1 KWG \u00dcbergang 26.06.2021 auf \u00a72 Abs.2 Satz 1 Nr.3 WpIG). Diese unterliegt der \u00dcberwachung der Bundesanstalt f\u00fcr Finanzdienstleistungsaufsicht (BaFin). Sie wird im Register der Bafin unter der Nummer 123328 gef\u00fchrt. Die Willenbacher Advisory GmbH ist bei dem von der FMA gef\u00fchrten \u00f6ffentlichen Register f\u00fcr vertraglich gebundene Vermittler registriert und einsehbar. Die Willenbacher Advisory GmbH unterliegt sowohl der Beaufsichtigung der BaFin als auch jener der FMA.<\/p>\n<p>[\/et_pb_text][\/et_pb_column][\/et_pb_row][\/et_pb_section]<\/p>\n","protected":false},"excerpt":{"rendered":"<p>Provider ID pursuant to Section 6 Tele-Services Act (Teledienstegesetz, TDG): Tied agent of First Quant GmbH Willenbacher Advisory GmbH, which on its website offers investment of financial instruments pursuant to Section 1 (1a) sentence 2 Nos.1, 1a and No. 2, German Banking Act, of First Quant GmbH, Fulda, acts exclusively as an agent for financial [&hellip;]<\/p>\n","protected":false},"author":2,"featured_media":0,"parent":0,"menu_order":0,"comment_status":"closed","ping_status":"closed","template":"","meta":{"_et_pb_use_builder":"on","_et_pb_old_content":"","_et_gb_content_width":"","footnotes":""},"class_list":["post-403","page","type-page","status-publish","hentry"],"_links":{"self":[{"href":"https:\/\/www.willenbacher-advisory.com\/fr\/wp-json\/wp\/v2\/pages\/403","targetHints":{"allow":["GET"]}}],"collection":[{"href":"https:\/\/www.willenbacher-advisory.com\/fr\/wp-json\/wp\/v2\/pages"}],"about":[{"href":"https:\/\/www.willenbacher-advisory.com\/fr\/wp-json\/wp\/v2\/types\/page"}],"author":[{"embeddable":true,"href":"https:\/\/www.willenbacher-advisory.com\/fr\/wp-json\/wp\/v2\/users\/2"}],"replies":[{"embeddable":true,"href":"https:\/\/www.willenbacher-advisory.com\/fr\/wp-json\/wp\/v2\/comments?post=403"}],"version-history":[{"count":7,"href":"https:\/\/www.willenbacher-advisory.com\/fr\/wp-json\/wp\/v2\/pages\/403\/revisions"}],"predecessor-version":[{"id":1770,"href":"https:\/\/www.willenbacher-advisory.com\/fr\/wp-json\/wp\/v2\/pages\/403\/revisions\/1770"}],"wp:attachment":[{"href":"https:\/\/www.willenbacher-advisory.com\/fr\/wp-json\/wp\/v2\/media?parent=403"}],"curies":[{"name":"wp","href":"https:\/\/api.w.org\/{rel}","templated":true}]}}