{"id":639,"date":"2023-04-01T09:07:44","date_gmt":"2023-04-01T09:07:44","guid":{"rendered":"https:\/\/ws01.wp31.inseo.work\/impressum\/"},"modified":"2025-02-23T10:25:08","modified_gmt":"2025-02-23T10:25:08","slug":"impressum","status":"publish","type":"page","link":"https:\/\/www.willenbacher-advisory.com\/fr\/impressum\/","title":{"rendered":"Contact \/ Mentions l\u00e9gales"},"content":{"rendered":"<p>[et_pb_section fb_built=\u00a0\u00bb1&Prime; _builder_version=\u00a0\u00bb4.21.0&Prime; _module_preset=\u00a0\u00bbba79b4f2-28e7-4164-b623-0f1bd9a469ba\u00a0\u00bb global_colors_info=\u00a0\u00bb{}\u00a0\u00bb theme_builder_area=\u00a0\u00bbpost_content\u00a0\u00bb][et_pb_row _builder_version=\u00a0\u00bb4.21.0&Prime; _module_preset=\u00a0\u00bb232a3a1f-213a-4225-9120-e71aa607c9fe\u00a0\u00bb custom_padding=\u00a0\u00bb0px||0px||true|false\u00a0\u00bb global_colors_info=\u00a0\u00bb{}\u00a0\u00bb theme_builder_area=\u00a0\u00bbpost_content\u00a0\u00bb][et_pb_column type=\u00a0\u00bb4_4&Prime; _builder_version=\u00a0\u00bb4.21.0&Prime; _module_preset=\u00a0\u00bbdefault\u00a0\u00bb global_colors_info=\u00a0\u00bb{}\u00a0\u00bb theme_builder_area=\u00a0\u00bbpost_content\u00a0\u00bb][et_pb_text _builder_version=\u00a0\u00bb4.21.0&Prime; _module_preset=\u00a0\u00bbdefault\u00a0\u00bb hover_enabled=\u00a0\u00bb0&Prime; global_colors_info=\u00a0\u00bb{}\u00a0\u00bb theme_builder_area=\u00a0\u00bbpost_content\u00a0\u00bb sticky_enabled=\u00a0\u00bb0&Prime;]<\/p>\n<p>Mag. Andreas Willenbacher<\/p>\n<p><a href=\"mailto:aw@willenbacher-advisory.com\" title=\"E-Mail\">aw@willenbacher-advisory.com<\/a><\/p>\n<p>Tel. &amp; Fax:\u00a0\u00a0+43 1 923 37 07<br \/>Mobile +43 676 91 91 361<\/p>\n<p><strong>Willenbacher Advisory GmbH<\/strong><br \/>Anton-Baumgartner-Stra\u00dfe 44\/B1\/4\/2<br \/>1230 Vienne<br \/>Autriche<\/p>\n<p><a href=\"https:\/\/www.xing.com\/profile\/Andreas_Willenbacher\" target=\"_blank\" rel=\"noopener\"><img loading=\"lazy\" decoding=\"async\" src=\"https:\/\/www.willenbacher-advisory.com\/wp-content\/uploads\/2023\/07\/xing.gif\" width=\"125\" height=\"50\" alt=\"XING\" \/><\/a><span>\u00a0<\/span>\u00a0\u00a0\u00a0\u00a0\u00a0<span>\u00a0<\/span><a href=\"http:\/\/www.cfasociety.org\/austria\" target=\"_blank\" rel=\"noopener\"><img loading=\"lazy\" decoding=\"async\" src=\"https:\/\/www.willenbacher-advisory.com\/wp-content\/uploads\/2023\/07\/cfa.gif\" width=\"171\" height=\"46\" alt=\"CFA\" \/><\/a><span>\u00a0<\/span>\u00a0\u00a0\u00a0\u00a0\u00a0<span>\u00a0<\/span><a href=\"https:\/\/www.linkedin.com\/in\/andreas-willenbacher-864b028\/\" target=\"_blank\" rel=\"noopener\"><img loading=\"lazy\" decoding=\"async\" src=\"https:\/\/www.willenbacher-advisory.com\/wp-content\/uploads\/2023\/07\/linkedin.png\" width=\"92\" height=\"22\" alt=\"LinkedIn\" \/><\/a><span>\u00a0<\/span>\u00a0\u00a0\u00a0\u00a0\u00a0<span>\u00a0<\/span><a href=\"https:\/\/sustainable-entrepreneur.at\/2022\/01\/09\/regional-und-saisonal\/\" target=\"_blank\" rel=\"noopener\"><img loading=\"lazy\" decoding=\"async\" src=\"https:\/\/www.willenbacher-advisory.com\/wp-content\/uploads\/2023\/07\/SustainableEntrepreneur.jpg\" width=\"174\" height=\"69\" alt=\"LinkedIn\" \/><\/a><\/p>\n<p>&nbsp;<\/p>\n<h1>Mentions l\u00e9gales<\/h1>\n<p>Willenbacher Advisory GmbH<br \/>1230 Wien, Anton-Baumgartner-Stra\u00dfe 44\/B1\/4\/2<br \/>Mag. Andreas Willenbacher, associ\u00e9 g\u00e9rant<br \/>FN 313220 v<br \/>Tribunal de commerce de Vienne<\/p>\n<p>Objet de l&rsquo;entreprise : Conseil d&rsquo;entreprise et conseils en immobilier commercial et industriel<br \/>Membre de la Chambre de Commerce &#8211; Section consulting<br \/>Autorit\u00e9 commerciale : Magistratisches Bezirksamt MBA 23. Bezirk<br \/>L\u00e9gislation commerciale : Gewerbeordnung (GewO) &#8211; Code relatif \u00e0 l&rsquo;exercice des professions artisanales, commerciales et industrielles https:\/\/www.ris.bka.gv.at<\/p>\n<p>UID &#8211; Num\u00e9ro d&rsquo;identification TVA : ATU 64305308<br \/>Volksbank Wien<br \/>IBAN : AT544300052668610000<br \/>BIC : VBOEATWW<\/p>\n<p>Ce site offre des informations relatives aux produits et aux services fournis par notre entreprise.<\/p>\n<p>&nbsp;<\/p>\n<h3>Cookies<\/h3>\n<p>Nous utilisons l&rsquo;outil de consentement \u00ab\u00a0Real Cookie Banner\u00a0\u00bb pour g\u00e9rer les cookies et les technologies similaires utilis\u00e9es (pixels de suivi, balises web, etc.) et les consentements y aff\u00e9rents. Vous trouverez des d\u00e9tails sur le fonctionnement de \u00ab\u00a0Real Cookie Banner\u00a0\u00bb sur https:\/\/devowl.io\/de\/rcb\/datenverarbeitung\/.<\/p>\n<p>Les bases juridiques pour le traitement des donn\u00e9es personnelles dans ce contexte sont l&rsquo;article 6, paragraphe 1, point c) du RGPD et l&rsquo;article 6, paragraphe 1, point f) du RGPD. Notre int\u00e9r\u00eat l\u00e9gitime est la gestion des cookies et des technologies similaires utilis\u00e9es et des consentements y aff\u00e9rents.<\/p>\n<p>La mise \u00e0 disposition des donn\u00e9es \u00e0 caract\u00e8re personnel n&rsquo;est ni contractuellement obligatoire ni n\u00e9cessaire \u00e0 la conclusion d&rsquo;un contrat. Vous n&rsquo;\u00eates pas oblig\u00e9 de fournir les donn\u00e9es \u00e0 caract\u00e8re personnel. Si vous ne fournissez pas les donn\u00e9es personnelles, nous ne pourrons pas g\u00e9rer vos consentements.<\/p>\n<p>&nbsp;<\/p>\n<h3>Possibilit\u00e9 de complaint<\/h3>\n<p>Nous traitons toutes les donn\u00e9es personnelles que les utilisateurs nous transmettent dans le cadre de demandes via le formulaire \u00ab\u00a0<a href=\"https:\/\/www.willenbacher-advisory.com\/fr\/possibilite-de-complaint\/\">Possibilit\u00e9 de complaint<\/a>\u00a0\u00bb et les transmettons en outre \u00e0 First Quant GmbH, Schw\u00e4bische Str. 5, 10781 Berlin, Allemagne. Ces donn\u00e9es sont supprim\u00e9es apr\u00e8s le traitement de la demande ou, si n\u00e9cessaire, apr\u00e8s l&rsquo;expiration des d\u00e9lais de conservation l\u00e9gaux. Le traitement des donn\u00e9es s&rsquo;effectue sur la base des dispositions l\u00e9gales de l&rsquo;article 96, paragraphe 3, de la loi sur les t\u00e9l\u00e9communications (TKG) ainsi que de l&rsquo;article 6, paragraphe 1, point a) (consentement) et\/ou f) (int\u00e9r\u00eat l\u00e9gitime) du RGPD. Notre pr\u00e9occupation au sens du RGPD (int\u00e9r\u00eat l\u00e9gitime) est la mise \u00e0 disposition, prescrite par la loi, d&rsquo;une possibilit\u00e9 de recours.<\/p>\n<p>&nbsp;<\/p>\n<h3>Wordfence<\/h3>\n<p>Pour prot\u00e9ger ce site web, nous utilisons le plugin Wordfence. Celui-ci est fourni par Defiant. Inc, 1700 Westlake Ave N Ste 200, Seattle, WA 98109, USA (ci-apr\u00e8s d\u00e9nomm\u00e9 \u00a0\u00bb Wordfence \u00ab\u00a0). Il est utilis\u00e9 conform\u00e9ment \u00e0 l&rsquo;article 6 paragraphe 1 lit. f du R\u00e8glement g\u00e9n\u00e9ral sur la protection des donn\u00e9es (\u00a0\u00bb RGPD \u00ab\u00a0) sur la base de nos int\u00e9r\u00eats l\u00e9gitimes.<\/p>\n<p>Wordfence sert \u00e0 prot\u00e9ger ce site web contre les virus, les logiciels malveillants, les spams de commentaires et les acc\u00e8s non autoris\u00e9s (y compris les cyberattaques telles que les attaques par force brute et les attaques DDoS). Pour assurer une protection efficace, les adresses IP des visiteurs de ce site web sont stock\u00e9es par Wordfence sur ses propres serveurs. Les adresses IP jug\u00e9es inoffensives sont plac\u00e9es sur liste blanche, tandis que les attaquants tels que les pirates informatiques se voient refuser l&rsquo;acc\u00e8s \u00e0 ce site web. Gr\u00e2ce \u00e0 la s\u00e9curit\u00e9 accrue que Wordfence apporte \u00e0 ce site web, ses visiteurs sont \u00e9galement mieux prot\u00e9g\u00e9s contre les virus et les logiciels malveillants. Wordfence utilise des cookies pour diff\u00e9rencier les visiteurs humains des robots. La protection de ce site web et de ses visiteurs constitue un int\u00e9r\u00eat l\u00e9gitime conform\u00e9ment \u00e0 l&rsquo;article 6, paragraphe 1, point f), du RGPD.<\/p>\n<p>Pour plus d&rsquo;informations sur la collecte et l&rsquo;utilisation des donn\u00e9es par Wordfence, veuillez consulter la politique de confidentialit\u00e9 de Defiant : <a href=\"https:\/\/www.wordfence.com\/privacy-policy\/\">https:\/\/www.wordfence.com\/privacy-policy\/<\/a>\u00a0<\/p>\n<p>Le transfert de donn\u00e9es vers les \u00c9tats-Unis s&rsquo;effectue sur la base des clauses contractuelles types de la Commission europ\u00e9enne. Vous trouverez plus de d\u00e9tails ici : <a href=\"https:\/\/www.wordfence.com\/help\/general-data-protection-regulation\/\">https:\/\/www.wordfence.com\/help\/general-data-protection-regulation\/<\/a>\u00a0<\/p>\n<p>&nbsp;<\/p>\n<h3>CleanTalk Anti Spam<\/h3>\n<p>Notre site web utilise le service CleanTalk Anti-Spam &amp; Security. Ce service prot\u00e8ge le site web contre le SPAM.<\/p>\n<p>CleanTalk peut stocker et traiter votre adresse IP et utiliser des cookies pour g\u00e9rer l&rsquo;acc\u00e8s au site web par le biais de la fonction CleanTalk SpamFireWall afin de s\u00e9curiser ce site web et de le prot\u00e9ger contre le spam. En utilisant ce site web, votre adresse IP peut \u00eatre trait\u00e9e par CleanTalk pour des raisons de s\u00e9curit\u00e9 et stock\u00e9e dans des fichiers journaux pendant un maximum de 45 jours. Ces donn\u00e9es seront ensuite compl\u00e8tement supprim\u00e9es.<\/p>\n<p>Lorsque vous soumettez un formulaire sur ce site web (par exemple, un formulaire de contact), vos donn\u00e9es personnelles seront stock\u00e9es sur ce site web, telles que votre adresse IP, votre e-mail, le texte de votre commentaire et les donn\u00e9es des champs de formulaire du site web. En outre, pour des raisons de s\u00e9curit\u00e9 et pour prot\u00e9ger ce site web contre le spam, vos donn\u00e9es seront trait\u00e9es dans le CleanTalk Cloud Service et seront stock\u00e9es dans des fichiers journaux pendant 7 jours par d\u00e9faut (45 jours si l&rsquo;offre \u00e9tendue est active). \u00c0 l&rsquo;expiration de la p\u00e9riode mentionn\u00e9e, elles seront compl\u00e8tement supprim\u00e9es. CleanTalk peut utiliser les informations relatives \u00e0 l&rsquo;activit\u00e9 de spam des adresses IP\/email pour offrir une protection anti-spam ad\u00e9quate \u00e0 tous les sites web connect\u00e9s \u00e0 son service. Cela concerne exclusivement les adresses IP\/de courrier \u00e9lectronique qui sont utilis\u00e9es pour l&rsquo;envoi de spams.<\/p>\n<p>De plus amples informations sur la collecte et l&rsquo;utilisation des donn\u00e9es par CleanTalk sont disponibles sur le lien suivant :<br \/><a href=\"https:\/\/cleantalk.org\/publicoffer#cleantalk_gdpr_compliance\">https:\/\/cleantalk.org\/publicoffer#cleantalk_gdpr_compliance<\/a>\u00a0<\/p>\n<p>Lien vers la politique de confidentialit\u00e9 de CleanTalk :<br \/><a href=\"https:\/\/cleantalk.org\/publicoffer#privacy\">https:\/\/cleantalk.org\/publicoffer#privacy<\/a>\u00a0<\/p>\n<p>&nbsp;<\/p>\n<p>&nbsp;<\/p>\n<p>[\/et_pb_text][et_pb_text _builder_version=\u00a0\u00bb4.21.0&Prime; _module_preset=\u00a0\u00bbdefault\u00a0\u00bb text_font_size=\u00a0\u00bb13.6px\u00a0\u00bb text_line_height=\u00a0\u00bb1.5em\u00a0\u00bb global_module=\u00a0\u00bb1752&Prime; global_colors_info=\u00a0\u00bb{}\u00a0\u00bb theme_builder_area=\u00a0\u00bbpost_content\u00a0\u00bb]<\/p>\n<p>In our function as a tied agent pursuant to Section 2 (10) German Banking Act, we offer the following financial services for the account of and under full liability of First Quant GmbH, Schw\u00e4bische Stra\u00dfe 5, 10781 Berlin on the following web pages: investment advice, Section 1 (1a) No. 1a German Banking Act | investment brokering, Section 1 (1a) No. 1 German Banking Act | contract brokering, Section 1 (1a) No. 2 German Banking Act. Your future contractual partner, First Quant GmbH, has been issued the required permits by Bundesanstalt f\u00fcr Finanzdienstleistungsaufsicht (Bafin). Willenbacher Advisory GmbH is listed in the publicly accessible register of BaFin and FMA (Austrian Financial Market Authority) of tied brokers. Further information is available in the section on editorial information on this site.                <\/p>\n<p>[\/et_pb_text][et_pb_code _builder_version=\u00a0\u00bb4.21.0&Prime; _module_preset=\u00a0\u00bbdefault\u00a0\u00bb hover_enabled=\u00a0\u00bb0&Prime; global_colors_info=\u00a0\u00bb{}\u00a0\u00bb theme_builder_area=\u00a0\u00bbpost_content\u00a0\u00bb custom_margin=\u00a0\u00bb50px||||false|false\u00a0\u00bb sticky_enabled=\u00a0\u00bb0&Prime;][et_pb_section global_module=\"1278\"][\/et_pb_section][\/et_pb_code][\/et_pb_column][\/et_pb_row][\/et_pb_section]<\/p>\n","protected":false},"excerpt":{"rendered":"<p>Mag. Andreas Willenbacher aw@willenbacher-advisory.com Tel. &amp; Fax:\u00a0\u00a0+43 1 923 37 07Mobile +43 676 91 91 361 Willenbacher Advisory GmbHAnton-Baumgartner-Stra\u00dfe 44\/B1\/4\/21230 VienneAutriche \u00a0\u00a0\u00a0\u00a0\u00a0\u00a0\u00a0\u00a0\u00a0\u00a0\u00a0\u00a0\u00a0\u00a0\u00a0\u00a0\u00a0\u00a0\u00a0\u00a0\u00a0 &nbsp; Mentions l\u00e9gales Willenbacher Advisory GmbH1230 Wien, Anton-Baumgartner-Stra\u00dfe 44\/B1\/4\/2Mag. Andreas Willenbacher, associ\u00e9 g\u00e9rantFN 313220 vTribunal de commerce de Vienne Objet de l&rsquo;entreprise : Conseil d&rsquo;entreprise et conseils en immobilier commercial et industrielMembre de [&hellip;]<\/p>\n","protected":false},"author":1,"featured_media":0,"parent":0,"menu_order":0,"comment_status":"closed","ping_status":"closed","template":"","meta":{"_et_pb_use_builder":"on","_et_pb_old_content":"","_et_gb_content_width":"1450","footnotes":""},"class_list":["post-639","page","type-page","status-publish","hentry"],"_links":{"self":[{"href":"https:\/\/www.willenbacher-advisory.com\/fr\/wp-json\/wp\/v2\/pages\/639","targetHints":{"allow":["GET"]}}],"collection":[{"href":"https:\/\/www.willenbacher-advisory.com\/fr\/wp-json\/wp\/v2\/pages"}],"about":[{"href":"https:\/\/www.willenbacher-advisory.com\/fr\/wp-json\/wp\/v2\/types\/page"}],"author":[{"embeddable":true,"href":"https:\/\/www.willenbacher-advisory.com\/fr\/wp-json\/wp\/v2\/users\/1"}],"replies":[{"embeddable":true,"href":"https:\/\/www.willenbacher-advisory.com\/fr\/wp-json\/wp\/v2\/comments?post=639"}],"version-history":[{"count":17,"href":"https:\/\/www.willenbacher-advisory.com\/fr\/wp-json\/wp\/v2\/pages\/639\/revisions"}],"predecessor-version":[{"id":2027,"href":"https:\/\/www.willenbacher-advisory.com\/fr\/wp-json\/wp\/v2\/pages\/639\/revisions\/2027"}],"wp:attachment":[{"href":"https:\/\/www.willenbacher-advisory.com\/fr\/wp-json\/wp\/v2\/media?parent=639"}],"curies":[{"name":"wp","href":"https:\/\/api.w.org\/{rel}","templated":true}]}}